{"id":3309,"date":"2014-12-14T22:14:13","date_gmt":"2014-12-14T22:14:13","guid":{"rendered":"http:\/\/www.noordzeechalets.com\/du\/?page_id=3309"},"modified":"2023-09-08T10:38:25","modified_gmt":"2023-09-08T10:38:25","slug":"preise-ameland","status":"publish","type":"page","link":"https:\/\/www.noordzeechalets.com\/du\/preise-ameland\/","title":{"rendered":"Preise Ameland"},"content":{"rendered":"<div class=\"flex_column av_two_fifth  flex_column_div first  avia-builder-el-0  el_before_av_three_fifth  avia-builder-el-first  \" ><section class=\"av_textblock_section \"  itemscope=\"itemscope\" itemtype=\"https:\/\/schema.org\/CreativeWork\" ><div class='avia_textblock  '   itemprop=\"text\" ><p><strong>Verfahren<\/strong><\/p>\n<p>W\u00e4hrend der ganzen Saison ist t\u00e4gliche Anreise und Abreise m\u00f6glich.<br \/>\nDie Endreinigung kostet einmalig 65,- Euro.<br \/>\nBevor Sie unser Chalet verlassen bitten wir Sie das Chalet ausgekehrt zu hinterlassen.<br \/>\nAlle Nordseechalets verf\u00fcgen \u00fcber Bettw\u00e4sche, wie Deckbetten und Kissen, f\u00fcr 5 Personen.<br \/>\nSie m\u00fcssen selber Handt\u00fccher, Spannbettt\u00fccher, Bettdeckenbez\u00fcge und Kissenbez\u00fcge mitbringen.<\/p>\n<p>Im Prinzip mieten Sie das Chalet ab 16.00 Uhr bis Abreise bevor 10.00 Uhr.<br \/>\nNach Absprache sind eventuell andere Zeiten f\u00fcr Ankunft und\/oder Abreise m\u00f6glich.<br \/>\nEs besteht die M\u00f6glichkeit um ein Kinderbett und\/oder einen Kinderstuhl kostenlos zu Reservieren.<br \/>\nAlle Chalets verf\u00fcgen \u00fcber eine Kaffeemaschine.<br \/>\nDie Preise gelten bei einer Belegung bis zu 5 Personen. Zuschlag f\u00fcr jede weitere Person ist 5,- Euro pro Nacht.<br \/>\nHaustiere sind af camping pallegarste (Marienberg \/ Hardenberg) erlaubt. Sie bezahlen eine extra Endreinigung von 7,- Euro pro Tag.<br \/>\nAuf Ameland und in Zuidlaren erlaubt der Campingplatz\u00a0 keine Haustiere.<\/p>\n<p><strong>Reservierung\/Bezahlung<\/strong><\/p>\n<p>Reservierungskosten pro Reservierung betragen 15 Euro.<\/p>\n<p>Reservieren geht \u00fcber Email oder Telefon. Ihre Reservierung ist vereinbart wenn Sie unsere Best\u00e4tigung empfangen haben. Nach Empfang von Ihrem Reservierungsformular bitten wir Sie eine Anzahlung von bis zu 25% aber zumindest 100 Euro zu machen. Den Rest der Zahlung erhalten wir 6 Wochen vor Ihre Abreise. Sie bezahlen bei Nordseechalets keine Reservierungskosten. Nachdem wir den ganzen Betrag erhalten haben bekommen Sie Ihre Empfangsbescheinigung. Diese Empfangsbescheinigung \u00fcberreichen Sie die Rezeption. Der Mitarbeiter an der Rezeption wird Ihnen dann den Schl\u00fcssel zu Ihrem Chalet geben.<br \/>\nAnreise auf den Campingplatz bis zu 20.00 Uhr.<\/p>\n<p>Die allgemeinen Bedingungen k\u00f6nnen Sie <a href=\"http:\/\/www.noordzeechalets.com\/wp-content\/uploads\/2014\/12\/algemene-bepalingen-noordzeechalets-du.pdf\">hier<\/a> herunterladen.<\/p>\n<p>Wir w\u00fcnschen Ihnen einen angenehmen Aufenthalt in einer unseren Nordseehalets!<\/p>\n<\/div><\/section><\/div>\n<div class=\"flex_column av_three_fifth  flex_column_div av-zero-column-padding   avia-builder-el-2  el_after_av_two_fifth  el_before_av_textblock  \" style='border-radius:0px; '><section class=\"av_textblock_section \"  itemscope=\"itemscope\" itemtype=\"https:\/\/schema.org\/CreativeWork\" ><div class='avia_textblock  '   itemprop=\"text\" ><table width=\"1073\">\n<tbody>\n<tr>\n<td width=\"250\"><\/td>\n<td width=\"184\">Ameland<\/td>\n<td width=\"164\">Ex TB\/ TT<\/td>\n<td width=\"188\"><\/td>\n<td width=\"95\"><\/td>\n<td width=\"192\">\u00a0\u00a0 Chalet Type A 5p<\/td>\n<\/tr>\n<tr>\n<td><\/td>\n<td>2024<\/td>\n<td>ex eindschoonmaak\/<\/td>\n<td><\/td>\n<td><\/td>\n<td>Nacht<\/td>\n<\/tr>\n<tr>\n<td><\/td>\n<td><\/td>\n<td>final cleaning.<\/td>\n<td><\/td>\n<td><\/td>\n<td>Night Nuit<\/td>\n<\/tr>\n<tr>\n<td><\/td>\n<td><\/td>\n<td><\/td>\n<td><\/td>\n<td><\/td>\n<td><\/td>\n<\/tr>\n<tr>\n<td>Reservering meer dan 5 dagen<\/td>\n<td><\/td>\n<td width=\"164\">28-03-24<\/td>\n<td width=\"188\">1-04-24<\/td>\n<td><\/td>\n<td>\u20ac 95,00<\/td>\n<\/tr>\n<tr>\n<td>15% korting. Niet in hoogseizoen<\/td>\n<td><\/td>\n<td width=\"164\">2-04-24<\/td>\n<td width=\"188\">8-05-24<\/td>\n<td><\/td>\n<td>\u20ac 75,00<\/td>\n<\/tr>\n<tr>\n<td><\/td>\n<td><\/td>\n<td width=\"164\">9-05-24<\/td>\n<td width=\"188\">12-05-24<\/td>\n<td><\/td>\n<td>\u20ac 95,00<\/td>\n<\/tr>\n<tr>\n<td><\/td>\n<td><\/td>\n<td width=\"164\">13-05-24<\/td>\n<td width=\"188\">16-05-22<\/td>\n<td><\/td>\n<td>\u20ac 75,00<\/td>\n<\/tr>\n<tr>\n<td><\/td>\n<td><\/td>\n<td width=\"164\">17-05-24<\/td>\n<td width=\"188\">20-05-24<\/td>\n<td><\/td>\n<td>\u20ac 115,00<\/td>\n<\/tr>\n<tr>\n<td>Reservierung l\u00e4nger als 5 Tage<\/td>\n<td><\/td>\n<td width=\"164\">21-05-24<\/td>\n<td width=\"188\">27-06-24<\/td>\n<td><\/td>\n<td>\u20ac 75,00<\/td>\n<\/tr>\n<tr>\n<td>15% Rabatt nicht im Hochsaison<\/td>\n<td><\/td>\n<td width=\"164\">28-06-24<\/td>\n<td width=\"188\">5-07-24<\/td>\n<td><\/td>\n<td>\u20ac 95,00<\/td>\n<\/tr>\n<tr>\n<td><\/td>\n<td><\/td>\n<td width=\"164\">6-07-24<\/td>\n<td width=\"188\">11-07-24<\/td>\n<td><\/td>\n<td>\u20ac 105,00<\/td>\n<\/tr>\n<tr>\n<td><\/td>\n<td><\/td>\n<td width=\"164\">12-07-24<\/td>\n<td width=\"188\">24-08-24<\/td>\n<td><\/td>\n<td>\u20ac 165,00<\/td>\n<\/tr>\n<tr>\n<td><\/td>\n<td><\/td>\n<td width=\"164\">25-08-24<\/td>\n<td width=\"188\">31-08-24<\/td>\n<td><\/td>\n<td>\u20ac 105,00<\/td>\n<\/tr>\n<tr>\n<td><\/td>\n<td><\/td>\n<td width=\"164\">1-09-24<\/td>\n<td width=\"188\">14-09-24<\/td>\n<td><\/td>\n<td>\u20ac 85,00<\/td>\n<\/tr>\n<tr>\n<td><\/td>\n<td><\/td>\n<td>15-09-24<\/td>\n<td>27-10-24<\/td>\n<td><\/td>\n<td>\u20ac 75,00<\/td>\n<\/tr>\n<\/tbody>\n<\/table>\n<\/div><\/section><\/div><section class=\"av_textblock_section \"  itemscope=\"itemscope\" itemtype=\"https:\/\/schema.org\/CreativeWork\" ><div class='avia_textblock  '   itemprop=\"text\" ><\/div><\/section><\/p>\n","protected":false},"excerpt":{"rendered":"","protected":false},"author":1,"featured_media":0,"parent":0,"menu_order":0,"comment_status":"closed","ping_status":"closed","template":"","meta":{"footnotes":""},"class_list":["post-3309","page","type-page","status-publish","hentry"],"yoast_head":"<!-- This site is optimized with the Yoast SEO plugin v26.9 - https:\/\/yoast.com\/product\/yoast-seo-wordpress\/ -->\n<title>Preise Ameland - Nordseechalets<\/title>\n<meta name=\"robots\" content=\"index, follow, max-snippet:-1, max-image-preview:large, max-video-preview:-1\" \/>\n<link rel=\"canonical\" href=\"http:\/\/www.noordzeechalets.com\/du\/preise-ameland\/\" \/>\n<meta property=\"og:locale\" content=\"de_DE\" \/>\n<meta property=\"og:type\" content=\"article\" \/>\n<meta property=\"og:title\" content=\"Preise Ameland - Nordseechalets\" \/>\n<meta property=\"og:url\" content=\"http:\/\/www.noordzeechalets.com\/du\/preise-ameland\/\" \/>\n<meta property=\"og:site_name\" content=\"Nordseechalets\" \/>\n<meta property=\"article:modified_time\" content=\"2023-09-08T10:38:25+00:00\" \/>\n<meta name=\"twitter:label1\" content=\"Gesch\u00e4tzte Lesezeit\" \/>\n\t<meta name=\"twitter:data1\" content=\"2\u00a0Minuten\" \/>\n<script type=\"application\/ld+json\" class=\"yoast-schema-graph\">{\"@context\":\"https:\/\/schema.org\",\"@graph\":[{\"@type\":\"WebPage\",\"@id\":\"http:\/\/www.noordzeechalets.com\/du\/preise-ameland\/\",\"url\":\"http:\/\/www.noordzeechalets.com\/du\/preise-ameland\/\",\"name\":\"Preise Ameland - Nordseechalets\",\"isPartOf\":{\"@id\":\"https:\/\/www.noordzeechalets.com\/du\/#website\"},\"datePublished\":\"2014-12-14T22:14:13+00:00\",\"dateModified\":\"2023-09-08T10:38:25+00:00\",\"breadcrumb\":{\"@id\":\"http:\/\/www.noordzeechalets.com\/du\/preise-ameland\/#breadcrumb\"},\"inLanguage\":\"de\",\"potentialAction\":[{\"@type\":\"ReadAction\",\"target\":[\"http:\/\/www.noordzeechalets.com\/du\/preise-ameland\/\"]}]},{\"@type\":\"BreadcrumbList\",\"@id\":\"http:\/\/www.noordzeechalets.com\/du\/preise-ameland\/#breadcrumb\",\"itemListElement\":[{\"@type\":\"ListItem\",\"position\":1,\"name\":\"Home\",\"item\":\"https:\/\/www.noordzeechalets.com\/du\/\"},{\"@type\":\"ListItem\",\"position\":2,\"name\":\"Preise Ameland\"}]},{\"@type\":\"WebSite\",\"@id\":\"https:\/\/www.noordzeechalets.com\/du\/#website\",\"url\":\"https:\/\/www.noordzeechalets.com\/du\/\",\"name\":\"Nordseechalets\",\"description\":\"Ferien in die Niederlande\",\"potentialAction\":[{\"@type\":\"SearchAction\",\"target\":{\"@type\":\"EntryPoint\",\"urlTemplate\":\"https:\/\/www.noordzeechalets.com\/du\/?s={search_term_string}\"},\"query-input\":{\"@type\":\"PropertyValueSpecification\",\"valueRequired\":true,\"valueName\":\"search_term_string\"}}],\"inLanguage\":\"de\"}]}<\/script>\n<!-- \/ Yoast SEO plugin. -->","yoast_head_json":{"title":"Preise Ameland - Nordseechalets","robots":{"index":"index","follow":"follow","max-snippet":"max-snippet:-1","max-image-preview":"max-image-preview:large","max-video-preview":"max-video-preview:-1"},"canonical":"http:\/\/www.noordzeechalets.com\/du\/preise-ameland\/","og_locale":"de_DE","og_type":"article","og_title":"Preise Ameland - Nordseechalets","og_url":"http:\/\/www.noordzeechalets.com\/du\/preise-ameland\/","og_site_name":"Nordseechalets","article_modified_time":"2023-09-08T10:38:25+00:00","twitter_misc":{"Gesch\u00e4tzte Lesezeit":"2\u00a0Minuten"},"schema":{"@context":"https:\/\/schema.org","@graph":[{"@type":"WebPage","@id":"http:\/\/www.noordzeechalets.com\/du\/preise-ameland\/","url":"http:\/\/www.noordzeechalets.com\/du\/preise-ameland\/","name":"Preise Ameland - Nordseechalets","isPartOf":{"@id":"https:\/\/www.noordzeechalets.com\/du\/#website"},"datePublished":"2014-12-14T22:14:13+00:00","dateModified":"2023-09-08T10:38:25+00:00","breadcrumb":{"@id":"http:\/\/www.noordzeechalets.com\/du\/preise-ameland\/#breadcrumb"},"inLanguage":"de","potentialAction":[{"@type":"ReadAction","target":["http:\/\/www.noordzeechalets.com\/du\/preise-ameland\/"]}]},{"@type":"BreadcrumbList","@id":"http:\/\/www.noordzeechalets.com\/du\/preise-ameland\/#breadcrumb","itemListElement":[{"@type":"ListItem","position":1,"name":"Home","item":"https:\/\/www.noordzeechalets.com\/du\/"},{"@type":"ListItem","position":2,"name":"Preise Ameland"}]},{"@type":"WebSite","@id":"https:\/\/www.noordzeechalets.com\/du\/#website","url":"https:\/\/www.noordzeechalets.com\/du\/","name":"Nordseechalets","description":"Ferien in die Niederlande","potentialAction":[{"@type":"SearchAction","target":{"@type":"EntryPoint","urlTemplate":"https:\/\/www.noordzeechalets.com\/du\/?s={search_term_string}"},"query-input":{"@type":"PropertyValueSpecification","valueRequired":true,"valueName":"search_term_string"}}],"inLanguage":"de"}]}},"_links":{"self":[{"href":"https:\/\/www.noordzeechalets.com\/du\/wp-json\/wp\/v2\/pages\/3309","targetHints":{"allow":["GET"]}}],"collection":[{"href":"https:\/\/www.noordzeechalets.com\/du\/wp-json\/wp\/v2\/pages"}],"about":[{"href":"https:\/\/www.noordzeechalets.com\/du\/wp-json\/wp\/v2\/types\/page"}],"author":[{"embeddable":true,"href":"https:\/\/www.noordzeechalets.com\/du\/wp-json\/wp\/v2\/users\/1"}],"replies":[{"embeddable":true,"href":"https:\/\/www.noordzeechalets.com\/du\/wp-json\/wp\/v2\/comments?post=3309"}],"version-history":[{"count":1,"href":"https:\/\/www.noordzeechalets.com\/du\/wp-json\/wp\/v2\/pages\/3309\/revisions"}],"predecessor-version":[{"id":3860,"href":"https:\/\/www.noordzeechalets.com\/du\/wp-json\/wp\/v2\/pages\/3309\/revisions\/3860"}],"wp:attachment":[{"href":"https:\/\/www.noordzeechalets.com\/du\/wp-json\/wp\/v2\/media?parent=3309"}],"curies":[{"name":"wp","href":"https:\/\/api.w.org\/{rel}","templated":true}]}}